{"id":949,"date":"2021-07-27T18:47:27","date_gmt":"2021-07-27T23:47:27","guid":{"rendered":"https:\/\/insumatec.com\/sitio1\/?post_type=product&#038;p=949"},"modified":"2021-07-27T19:31:42","modified_gmt":"2021-07-28T00:31:42","slug":"tarjeta-de-memoria-flash-32-gb-clase-10","status":"publish","type":"product","link":"https:\/\/insumatec.com\/sitio1\/producto\/tarjeta-de-memoria-flash-32-gb-clase-10\/","title":{"rendered":"Tarjeta de memoria flash  32 GB Clase 10"},"content":{"rendered":"<div class=\"font-compact-12\">La microSD Canvas Select Plus de Kingston es compatible con dispositivos Android y est\u00e1 dise\u00f1ada con un rendimiento de calificaci\u00f3n A1. Ofrece una velocidad y capacidad mejoradas para cargar m\u00e1s r\u00e1pido las aplicaciones y capturar im\u00e1genes y videos. Potente en rendimiento, velocidad y durabilidad, la microSD Canvas Select Plus est\u00e1 dise\u00f1ada para ser confiable al tomar y desarrollar fotos de alta resoluci\u00f3n o al filmar y editar videos Full HD. Las tarjetas Kingston Canvas son resistentes en los entornos y condiciones m\u00e1s dif\u00edciles, por lo que puede llevarlas a cualquier parte con la seguridad de que sus fotos, videos y archivos estar\u00e1n protegidos.<\/div>\n<div class=\"clearfix\">\n<div class=\"group-section font-bold\">Caracter\u00edsticas del producto<\/div>\n<div class=\"font-compact-12\">\n<ul>\n<li><strong>Velocidades m\u00e1s r\u00e1pidas<\/strong><br \/>\nVelocidades de Clase 10 UHS-I hasta 100MB\/s.<\/li>\n<li><strong>Optimizadas para usar con dispositivos Android<\/strong><br \/>\nMejor desempe\u00f1o cuando se usa con un smartphone o tableta Android.<\/li>\n<li><strong>Gran capacidad<\/strong><br \/>\nExcelente capacidad para almacenar todas sus fotos y videos memorables.<\/li>\n<li><strong>Durable<\/strong><br \/>\nPara su tranquilidad, la tarjeta es a prueba de agua, a prueba de temperatura, a prueba de impactos y vibraci\u00f3n, y a prueba de rayos X.<\/li>\n<\/ul>\n<\/div>\n<\/div>\n<ul>\n<li><\/li>\n<\/ul>\n","protected":false},"excerpt":{"rendered":"<p>Kingston Canvas Select Plus &#8211; Tarjeta de memoria flash (adaptador microSDHC a SD Incluido) &#8211; 32 GB<\/p>\n<ul>\n<li>A1 \/ Video Class V10 \/ UHS Class 1 \/ Class10<\/li>\n<li>microSDHC UHS-I<\/li>\n<\/ul>\n","protected":false},"featured_media":951,"comment_status":"open","ping_status":"closed","template":"","meta":{"spay_email":""},"product_cat":[31],"product_tag":[],"class_list":["post-949","product","type-product","status-publish","has-post-thumbnail","hentry","product_cat-tecnologia","it-has-gallery"],"_links":{"self":[{"href":"https:\/\/insumatec.com\/sitio1\/wp-json\/wp\/v2\/product\/949","targetHints":{"allow":["GET"]}}],"collection":[{"href":"https:\/\/insumatec.com\/sitio1\/wp-json\/wp\/v2\/product"}],"about":[{"href":"https:\/\/insumatec.com\/sitio1\/wp-json\/wp\/v2\/types\/product"}],"replies":[{"embeddable":true,"href":"https:\/\/insumatec.com\/sitio1\/wp-json\/wp\/v2\/comments?post=949"}],"wp:featuredmedia":[{"embeddable":true,"href":"https:\/\/insumatec.com\/sitio1\/wp-json\/wp\/v2\/media\/951"}],"wp:attachment":[{"href":"https:\/\/insumatec.com\/sitio1\/wp-json\/wp\/v2\/media?parent=949"}],"wp:term":[{"taxonomy":"product_cat","embeddable":true,"href":"https:\/\/insumatec.com\/sitio1\/wp-json\/wp\/v2\/product_cat?post=949"},{"taxonomy":"product_tag","embeddable":true,"href":"https:\/\/insumatec.com\/sitio1\/wp-json\/wp\/v2\/product_tag?post=949"}],"curies":[{"name":"wp","href":"https:\/\/api.w.org\/{rel}","templated":true}]}}