{"id":946,"date":"2021-07-27T18:33:05","date_gmt":"2021-07-27T23:33:05","guid":{"rendered":"https:\/\/insumatec.com\/sitio1\/?post_type=product&#038;p=946"},"modified":"2021-07-27T18:33:05","modified_gmt":"2021-07-27T23:33:05","slug":"cable-multifuncional-para-carga-5-en-1","status":"publish","type":"product","link":"https:\/\/insumatec.com\/sitio1\/producto\/cable-multifuncional-para-carga-5-en-1\/","title":{"rendered":"Cable multifuncional para carga 5 en 1"},"content":{"rendered":"<h2>Caracter\u00edsticas<\/h2>\n<ul>\n<li>Pr\u00e1ctico y vers\u00e1til cable 5 en 1 para carga de m\u00faltiples dispositivos<\/li>\n<li>Elaborado con aluminio y dise\u00f1o de nylon trenzado, para mayor flexibilidad y durabilidad<\/li>\n<li>F\u00e1cil de usar en el hogar, la oficina o mientras te trasladas<\/li>\n<li>Entrada: USB Tipo A o C<\/li>\n<li>Salida: Micro USB, Lightning\u00ae (no reversible) o Tipo C<\/li>\n<\/ul>\n<p>&nbsp;<\/p>\n<h2>Especificaciones<\/h2>\n<ul>\n<li>Tipo: Cable trenzado para carga 5 en 1<\/li>\n<li>Tipo de conector: Entrada: USB Tipo A o C, Salida: 2 en 1 (Micro USB + Lightning\u00ae) \/ USB Tipo C<\/li>\n<li>Calibre del cable: 32 AWG<\/li>\n<li>Aplicaciones: Carga solamente<\/li>\n<li>Di\u00e1metro exterior: 3mm<\/li>\n<li>Material del conductor: Cobre<\/li>\n<li>Material del contacto: Cubierta niquelada con contactos de cobre, enchapados en oro<\/li>\n<li>Revestimiento: PVC<\/li>\n<li>Cubierta: Trenzada<\/li>\n<li>Entrada\/salida m\u00e1x: 5VCC, 2,1A<\/li>\n<li>Longitud del cable: 1,2m<\/li>\n<li>Peso: 31,1g.<\/li>\n<\/ul>\n","protected":false},"excerpt":{"rendered":"<h3 class=\"font-bold font-compact-16 title js-productName js-productName-332826 center-xs\" data-productname=\"Xtech - USB cable - USB Type A or C\">Xtech &#8211; USB cable &#8211; USB Type A or C<\/h3>\n<div class=\"font-compact-12 font-bold brand\"><\/div>\n<div class=\"font-compact-12 items hidden-xs\">\n<ul>\n<li>Pr\u00e1ctico y vers\u00e1til cable 5 en 1 para carga, para usar en el hogar, la oficina o mientras te trasladas.<\/li>\n<li>Elaborado con aluminio y dise\u00f1o de nylon trenzado, para mayor flexibilidad y durabilidad.<\/li>\n<li>Contactos enchapados en oro garantizan una transmisi\u00f3n estable de la se\u00f1al<\/li>\n<\/ul>\n<\/div>\n","protected":false},"featured_media":948,"comment_status":"open","ping_status":"closed","template":"","meta":{"spay_email":""},"product_cat":[31],"product_tag":[],"class_list":["post-946","product","type-product","status-publish","has-post-thumbnail","hentry","product_cat-tecnologia","it-has-gallery"],"_links":{"self":[{"href":"https:\/\/insumatec.com\/sitio1\/wp-json\/wp\/v2\/product\/946","targetHints":{"allow":["GET"]}}],"collection":[{"href":"https:\/\/insumatec.com\/sitio1\/wp-json\/wp\/v2\/product"}],"about":[{"href":"https:\/\/insumatec.com\/sitio1\/wp-json\/wp\/v2\/types\/product"}],"replies":[{"embeddable":true,"href":"https:\/\/insumatec.com\/sitio1\/wp-json\/wp\/v2\/comments?post=946"}],"wp:featuredmedia":[{"embeddable":true,"href":"https:\/\/insumatec.com\/sitio1\/wp-json\/wp\/v2\/media\/948"}],"wp:attachment":[{"href":"https:\/\/insumatec.com\/sitio1\/wp-json\/wp\/v2\/media?parent=946"}],"wp:term":[{"taxonomy":"product_cat","embeddable":true,"href":"https:\/\/insumatec.com\/sitio1\/wp-json\/wp\/v2\/product_cat?post=946"},{"taxonomy":"product_tag","embeddable":true,"href":"https:\/\/insumatec.com\/sitio1\/wp-json\/wp\/v2\/product_tag?post=946"}],"curies":[{"name":"wp","href":"https:\/\/api.w.org\/{rel}","templated":true}]}}