{"id":416,"date":"2021-06-01T21:25:07","date_gmt":"2021-06-01T21:25:07","guid":{"rendered":"https:\/\/insumatec.com\/sitio1\/?post_type=product&#038;p=416"},"modified":"2021-06-01T21:25:07","modified_gmt":"2021-06-01T21:25:07","slug":"cable-2-en-1-con-conector-lightning-y-micro-usb","status":"publish","type":"product","link":"https:\/\/insumatec.com\/sitio1\/producto\/cable-2-en-1-con-conector-lightning-y-micro-usb\/","title":{"rendered":"Cable 2 en 1 con conector Lightning y micro USB"},"content":{"rendered":"<div class=\"col-lg-6\">\n<ul>\n<li><strong>Tipo<\/strong>: Cable 2 en 1 con conector Lightning\u00ae y micro USB a USB Tipo A<\/li>\n<li><strong>Tipo de conector:<\/strong>\u00a0Lightning + micro USB<\/li>\n<li><strong>Calibre:<\/strong>\u00a024AWG + 30AWG<\/li>\n<li><strong>Material del conductor:<\/strong>\u00a0Contactos con alfileres de cobre<\/li>\n<li><strong>Tipo de material\/Revestimiento:<\/strong>\u00a0Nylon trenzado con cable de PVC<\/li>\n<li><strong>Material de blindaje:<\/strong>\u00a0Aluminio<\/li>\n<li><strong>Tensi\u00f3n de carga:<\/strong>\u00a05,25VCC a 2,4A<\/li>\n<li><strong>Velocidad de transmisi\u00f3n:<\/strong>\u00a0480Mbps<\/li>\n<\/ul>\n<\/div>\n<div class=\"col-lg-6\">\n<ul>\n<li><strong>Aplicaciones:<\/strong>\u00a0Tel\u00e9fonos iPhone y la mayor\u00eda los tel\u00e9fonos con sistema Android. Otros dispositivos con un puerto micro USB<\/li>\n<li><strong>Est\u00e1ndar:<\/strong>\u00a02<\/li>\n<li><strong>Di\u00e1metro externo:<\/strong>\u00a03,3mm<\/li>\n<li><strong>Longitud del cable:<\/strong>\u00a01m<\/li>\n<\/ul>\n<\/div>\n<p>&nbsp;<\/p>\n<p>&nbsp;<\/p>\n","protected":false},"excerpt":{"rendered":"<h3><strong>Marca: Klip Xtreme<\/strong><\/h3>\n<ul>\n<li>Pr\u00e1ctico cable de 1 metro de longitud para acomodar mejor tus necesidades de carga y transferencia de datos<\/li>\n<li>Cord\u00f3n trenzado de 3,3mm de di\u00e1metro para resistencia y durabilidad<\/li>\n<li>Construido con revestimiento de aluminio que contribuye a suministrar una se\u00f1al s\u00f3lida y de excelente calidad<\/li>\n<li>Capacidad de carga de 2,4A<\/li>\n<li>Provisto de una cinta de Velcro que permite organizar y almacenar el cable con facilidad<\/li>\n<li>Certificaci\u00f3n MFi de Apple ofrece compatibilidad total con los dispositivos Apple<\/li>\n<\/ul>\n","protected":false},"featured_media":417,"comment_status":"open","ping_status":"closed","template":"","meta":{"spay_email":""},"product_cat":[31],"product_tag":[],"class_list":["post-416","product","type-product","status-publish","has-post-thumbnail","hentry","product_cat-tecnologia","it-has-gallery"],"_links":{"self":[{"href":"https:\/\/insumatec.com\/sitio1\/wp-json\/wp\/v2\/product\/416","targetHints":{"allow":["GET"]}}],"collection":[{"href":"https:\/\/insumatec.com\/sitio1\/wp-json\/wp\/v2\/product"}],"about":[{"href":"https:\/\/insumatec.com\/sitio1\/wp-json\/wp\/v2\/types\/product"}],"replies":[{"embeddable":true,"href":"https:\/\/insumatec.com\/sitio1\/wp-json\/wp\/v2\/comments?post=416"}],"wp:featuredmedia":[{"embeddable":true,"href":"https:\/\/insumatec.com\/sitio1\/wp-json\/wp\/v2\/media\/417"}],"wp:attachment":[{"href":"https:\/\/insumatec.com\/sitio1\/wp-json\/wp\/v2\/media?parent=416"}],"wp:term":[{"taxonomy":"product_cat","embeddable":true,"href":"https:\/\/insumatec.com\/sitio1\/wp-json\/wp\/v2\/product_cat?post=416"},{"taxonomy":"product_tag","embeddable":true,"href":"https:\/\/insumatec.com\/sitio1\/wp-json\/wp\/v2\/product_tag?post=416"}],"curies":[{"name":"wp","href":"https:\/\/api.w.org\/{rel}","templated":true}]}}