{"id":389,"date":"2021-06-01T01:56:39","date_gmt":"2021-06-01T01:56:39","guid":{"rendered":"https:\/\/insumatec.com\/sitio1\/?post_type=product&#038;p=389"},"modified":"2023-06-07T17:18:30","modified_gmt":"2023-06-07T22:18:30","slug":"licencia-kaspersky-internet-security-1-ano","status":"publish","type":"product","link":"https:\/\/insumatec.com\/sitio1\/producto\/licencia-kaspersky-internet-security-1-ano\/","title":{"rendered":"Licencia Kaspersky Internet Security"},"content":{"rendered":"<div class=\"mm-main-description\">Protege tus actividades de navegaci\u00f3n, compras y chats, as\u00ed como los datos en tu PC, Mac y dispositivos Android Obt\u00e9n un antivirus galardonado.<\/div>\n<div><\/div>\n<p>&nbsp;<\/p>\n","protected":false},"excerpt":{"rendered":"<p>1 Dispositivo<\/p>\n<p>1 a\u00f1o<\/p>\n<p>Licencia digital<\/p>\n<p><strong>\u00bfQu\u00e9 voy a recibir al momento de comprar?<\/strong><br \/>\nRecibir\u00e1s una licencia digital a tu correo electr\u00f3nico. Puedes consultarnos cualquier duda que tengas. Estamos gustosos en poderte ayudar.<\/p>\n<p>\u00a1Garant\u00eda total incluida! Te aseguramos que recibir\u00e1s un c\u00f3digo funcional o te reembolsaremos el dinero<\/p>\n<p>&nbsp;<\/p>\n<p>&nbsp;<\/p>\n<p>&nbsp;<\/p>\n<p>&nbsp;<\/p>\n","protected":false},"featured_media":1201,"comment_status":"open","ping_status":"closed","template":"","meta":{"spay_email":""},"product_cat":[31],"product_tag":[],"class_list":["post-389","product","type-product","status-publish","has-post-thumbnail","hentry","product_cat-tecnologia"],"_links":{"self":[{"href":"https:\/\/insumatec.com\/sitio1\/wp-json\/wp\/v2\/product\/389","targetHints":{"allow":["GET"]}}],"collection":[{"href":"https:\/\/insumatec.com\/sitio1\/wp-json\/wp\/v2\/product"}],"about":[{"href":"https:\/\/insumatec.com\/sitio1\/wp-json\/wp\/v2\/types\/product"}],"replies":[{"embeddable":true,"href":"https:\/\/insumatec.com\/sitio1\/wp-json\/wp\/v2\/comments?post=389"}],"wp:featuredmedia":[{"embeddable":true,"href":"https:\/\/insumatec.com\/sitio1\/wp-json\/wp\/v2\/media\/1201"}],"wp:attachment":[{"href":"https:\/\/insumatec.com\/sitio1\/wp-json\/wp\/v2\/media?parent=389"}],"wp:term":[{"taxonomy":"product_cat","embeddable":true,"href":"https:\/\/insumatec.com\/sitio1\/wp-json\/wp\/v2\/product_cat?post=389"},{"taxonomy":"product_tag","embeddable":true,"href":"https:\/\/insumatec.com\/sitio1\/wp-json\/wp\/v2\/product_tag?post=389"}],"curies":[{"name":"wp","href":"https:\/\/api.w.org\/{rel}","templated":true}]}}