{"id":1181,"date":"2023-04-06T17:32:01","date_gmt":"2023-04-06T22:32:01","guid":{"rendered":"https:\/\/insumatec.com\/sitio1\/?post_type=product&#038;p=1181"},"modified":"2023-06-29T15:55:53","modified_gmt":"2023-06-29T20:55:53","slug":"disco-solido-ssd-240gb","status":"publish","type":"product","link":"https:\/\/insumatec.com\/sitio1\/producto\/disco-solido-ssd-240gb\/","title":{"rendered":"Disco s\u00f3lido SSD 240Gb"},"content":{"rendered":"<p>\u00ab\u00a1Actualiza tu equipo con nuestros discos s\u00f3lidos WD Green de 240GB! Mejora el rendimiento de tu equipo y guarda todos tus archivos importantes sin preocuparte por quedarte sin espacio.<\/p>\n<p>\u00a1Obt\u00e9n el tuyo hoy mismo!<\/p>\n<p>&nbsp;<\/p>\n<p>&nbsp;<\/p>\n","protected":false},"excerpt":{"rendered":"<p>Capacidad : 240Gb<\/p>\n<p>Tipo: Disco s\u00f3lido<\/p>\n<p>Tama\u00f1o: 2.5&#8243;<\/p>\n<p>Otros: 1 a\u00f1o de garant\u00eda por defecto de f\u00e1brica.<\/p>\n<p>&nbsp;<\/p>\n","protected":false},"featured_media":1183,"comment_status":"open","ping_status":"closed","template":"","meta":{"spay_email":""},"product_cat":[40,31],"product_tag":[],"class_list":["post-1181","product","type-product","status-publish","has-post-thumbnail","hentry","product_cat-partes-y-piezas","product_cat-tecnologia"],"_links":{"self":[{"href":"https:\/\/insumatec.com\/sitio1\/wp-json\/wp\/v2\/product\/1181","targetHints":{"allow":["GET"]}}],"collection":[{"href":"https:\/\/insumatec.com\/sitio1\/wp-json\/wp\/v2\/product"}],"about":[{"href":"https:\/\/insumatec.com\/sitio1\/wp-json\/wp\/v2\/types\/product"}],"replies":[{"embeddable":true,"href":"https:\/\/insumatec.com\/sitio1\/wp-json\/wp\/v2\/comments?post=1181"}],"wp:featuredmedia":[{"embeddable":true,"href":"https:\/\/insumatec.com\/sitio1\/wp-json\/wp\/v2\/media\/1183"}],"wp:attachment":[{"href":"https:\/\/insumatec.com\/sitio1\/wp-json\/wp\/v2\/media?parent=1181"}],"wp:term":[{"taxonomy":"product_cat","embeddable":true,"href":"https:\/\/insumatec.com\/sitio1\/wp-json\/wp\/v2\/product_cat?post=1181"},{"taxonomy":"product_tag","embeddable":true,"href":"https:\/\/insumatec.com\/sitio1\/wp-json\/wp\/v2\/product_tag?post=1181"}],"curies":[{"name":"wp","href":"https:\/\/api.w.org\/{rel}","templated":true}]}}