{"id":882,"date":"2021-07-01T15:40:13","date_gmt":"2021-07-01T20:40:13","guid":{"rendered":"https:\/\/insumatec.com\/sitio1\/?page_id=882"},"modified":"2021-07-01T15:50:30","modified_gmt":"2021-07-01T20:50:30","slug":"comercio-electronico-una-oportunidad-para-el-desarrollo-de-negocios-a-traves-de-la-web","status":"publish","type":"page","link":"https:\/\/insumatec.com\/sitio1\/comercio-electronico-una-oportunidad-para-el-desarrollo-de-negocios-a-traves-de-la-web\/","title":{"rendered":"Comercio electr\u00f3nico, una oportunidad para el desarrollo de negocios a trav\u00e9s de la web"},"content":{"rendered":"\n<p>El 4 de agosto pr\u00f3ximo, el Ministerio de Telecomunicaciones y de la Sociedad de la Informaci\u00f3n, en colaboraci\u00f3n con el Ministerio Coordinador de la Pol\u00edtica Econ\u00f3mica y el Ministerio de Industrias y Productividad, desarrollar\u00e1n en Guayaquil, el evento denominado \u201cFomento del Comercio Electr\u00f3nico\u201d. El objetivo de este encuentro ser\u00e1 reunir a actores relacionados con este tema.<\/p>\n\n\n\n<p>Para conocer m\u00e1s al respecto responderemos a inquietudes como: \u00bfqu\u00e9 es el comercio electr\u00f3nico?, \u00bfqu\u00e9 ventajas tiene? y \u00bfpor qu\u00e9 la importancia de su fomento?<\/p>\n\n\n\n<p><strong>\u00bfQu\u00e9 es el comercio electr\u00f3nico?<\/strong><\/p>\n\n\n\n<p>El comercio electr\u00f3nico, conocido tambi\u00e9n como e-commerce, es una manera de comprar y vender productos o servicios, a trav\u00e9s de redes inform\u00e1ticas y del internet, principalmente. Gracias a la masificaci\u00f3n del uso del internet, que en Ecuador abarca a m\u00e1s de la mitad de la poblaci\u00f3n. Este tipo de comercio creci\u00f3 vertiginosamente en el mundo, moviendo millones de d\u00f3lares.<\/p>\n\n\n\n<p>En el pa\u00eds, por ejemplo, las personas pueden efectuar la compra de un celular en tiendas electr\u00f3nicas en el extranjero y recibirlas en la comodidad de su hogar, gracias a los servicios de paqueter\u00eda de empresas de courier, como Correos del Ecuador E.P. De esta misma manera, miles de transacciones se efect\u00faan por internet estimulando la creaci\u00f3n y utilizaci\u00f3n de innovaciones en:&nbsp; la administraci\u00f3n de cadenas de suministros, el marketing en Internet, el procesamiento de transacciones en l\u00ednea, los sistemas de administraci\u00f3n del inventario y los sistemas automatizados de recolecci\u00f3n de datos.<\/p>\n\n\n\n<p><strong>Ventajas del comercio electr\u00f3nico<\/strong><\/p>\n\n\n\n<p>-Agilita la compra, venta y distribuci\u00f3n de bienes o servicios.<\/p>\n\n\n\n<p>-Facilita las comunicaciones comerciales, ya que al estar disponible las 24 horas, las empresas pueden fidelizar a sus clientes, mediante un di\u00e1logo que sucede a conveniencia de las dos partes a trav\u00e9s de la web, donde levantan requerimientos o simplemente hacen comentarios con relaci\u00f3n a los productos o servicios que ofrecen.<\/p>\n\n\n\n<p>-Beneficia a las operaciones comerciales, reduciendo errores, tiempo y sobrecostos en el tratamiento de la informaci\u00f3n.<\/p>\n\n\n\n<p><strong>\u00bfPor qu\u00e9 es importante su fomento?<\/strong><\/p>\n\n\n\n<p>La expansi\u00f3n de este tipo de comercio, que usa a las Tecnolog\u00edas de la Informaci\u00f3n y Comunicaci\u00f3n (TIC), permite una mayor interacci\u00f3n entre vendedores y usuarios; adem\u00e1s que dinamiza y diversifica la econom\u00eda. Por ello, el fomento del comercio electr\u00f3nico contribuye con el cambio de la matriz productiva a trav\u00e9s del uso de las TIC, permitiendo utilizar, desarrollar y crear nuevas plataformas de venta para peque\u00f1as y medianas empresas que pueden realizar su comercializaci\u00f3n tanto a nivel nacional como internacional.<\/p>\n\n\n\n<p>Fuente: https:\/\/www.telecomunicaciones.gob.ec\/comercio-electronico-una-oportunidad-para-el-desarrollo-de-negocios-a-traves-de-la-web\/<\/p>\n\n\n\n<figure class=\"wp-block-gallery columns-1 is-cropped wp-block-gallery-1 is-layout-flex wp-block-gallery-is-layout-flex\"><ul class=\"blocks-gallery-grid\"><li class=\"blocks-gallery-item\"><figure><img loading=\"lazy\" decoding=\"async\" width=\"1024\" height=\"768\" src=\"https:\/\/insumatec.com\/sitio1\/wp-content\/uploads\/2021\/07\/tipos-de-comercio-electronico-2-1.jpg\" alt=\"\" data-id=\"884\" data-full-url=\"https:\/\/insumatec.com\/sitio1\/wp-content\/uploads\/2021\/07\/tipos-de-comercio-electronico-2-1.jpg\" data-link=\"https:\/\/insumatec.com\/sitio1\/?attachment_id=884\" class=\"wp-image-884\" srcset=\"https:\/\/insumatec.com\/sitio1\/wp-content\/uploads\/2021\/07\/tipos-de-comercio-electronico-2-1.jpg 1024w, https:\/\/insumatec.com\/sitio1\/wp-content\/uploads\/2021\/07\/tipos-de-comercio-electronico-2-1-300x225.jpg 300w, https:\/\/insumatec.com\/sitio1\/wp-content\/uploads\/2021\/07\/tipos-de-comercio-electronico-2-1-768x576.jpg 768w, https:\/\/insumatec.com\/sitio1\/wp-content\/uploads\/2021\/07\/tipos-de-comercio-electronico-2-1-600x450.jpg 600w\" sizes=\"auto, (max-width: 1024px) 100vw, 1024px\" \/><\/figure><\/li><\/ul><\/figure>\n","protected":false},"excerpt":{"rendered":"<p>El 4 de agosto pr\u00f3ximo, el Ministerio de Telecomunicaciones y de la Sociedad de la Informaci\u00f3n, en colaboraci\u00f3n con el&hellip;<\/p>\n","protected":false},"author":2,"featured_media":0,"parent":0,"menu_order":0,"comment_status":"closed","ping_status":"closed","template":"","meta":{"spay_email":"","footnotes":""},"class_list":["post-882","page","type-page","status-publish","hentry"],"_links":{"self":[{"href":"https:\/\/insumatec.com\/sitio1\/wp-json\/wp\/v2\/pages\/882","targetHints":{"allow":["GET"]}}],"collection":[{"href":"https:\/\/insumatec.com\/sitio1\/wp-json\/wp\/v2\/pages"}],"about":[{"href":"https:\/\/insumatec.com\/sitio1\/wp-json\/wp\/v2\/types\/page"}],"author":[{"embeddable":true,"href":"https:\/\/insumatec.com\/sitio1\/wp-json\/wp\/v2\/users\/2"}],"replies":[{"embeddable":true,"href":"https:\/\/insumatec.com\/sitio1\/wp-json\/wp\/v2\/comments?post=882"}],"version-history":[{"count":1,"href":"https:\/\/insumatec.com\/sitio1\/wp-json\/wp\/v2\/pages\/882\/revisions"}],"predecessor-version":[{"id":885,"href":"https:\/\/insumatec.com\/sitio1\/wp-json\/wp\/v2\/pages\/882\/revisions\/885"}],"wp:attachment":[{"href":"https:\/\/insumatec.com\/sitio1\/wp-json\/wp\/v2\/media?parent=882"}],"curies":[{"name":"wp","href":"https:\/\/api.w.org\/{rel}","templated":true}]}}